{"id":88,"date":"2024-04-30T22:24:51","date_gmt":"2024-04-30T20:24:51","guid":{"rendered":"https:\/\/aeroclubmirandais.fr\/?page_id=88"},"modified":"2024-05-02T22:05:21","modified_gmt":"2024-05-02T20:05:21","slug":"histoire-de-laero-club","status":"publish","type":"page","link":"https:\/\/aeroclubmirandais.fr\/index.php\/laeroclub\/histoire-de-laero-club\/","title":{"rendered":"Histoire de l&rsquo;a\u00e9ro-club"},"content":{"rendered":"\t\t<div data-elementor-type=\"wp-page\" data-elementor-id=\"88\" class=\"elementor elementor-88\">\n\t\t\t\t<div class=\"elementor-element elementor-element-73f7f13 e-flex e-con-boxed e-con e-parent\" data-id=\"73f7f13\" data-element_type=\"container\" data-settings=\"{&quot;background_background&quot;:&quot;classic&quot;}\">\n\t\t\t\t\t<div class=\"e-con-inner\">\n\t\t\t\t<div class=\"elementor-element elementor-element-870b4d3 elementor-widget-divider--view-line_text elementor-widget-divider--element-align-center elementor-widget elementor-widget-divider\" data-id=\"870b4d3\" data-element_type=\"widget\" data-widget_type=\"divider.default\">\n\t\t\t\t<div class=\"elementor-widget-container\">\n\t\t\t<style>\/*! elementor - v3.21.0 - 30-04-2024 *\/\n.elementor-widget-divider{--divider-border-style:none;--divider-border-width:1px;--divider-color:#0c0d0e;--divider-icon-size:20px;--divider-element-spacing:10px;--divider-pattern-height:24px;--divider-pattern-size:20px;--divider-pattern-url:none;--divider-pattern-repeat:repeat-x}.elementor-widget-divider .elementor-divider{display:flex}.elementor-widget-divider .elementor-divider__text{font-size:15px;line-height:1;max-width:95%}.elementor-widget-divider .elementor-divider__element{margin:0 var(--divider-element-spacing);flex-shrink:0}.elementor-widget-divider .elementor-icon{font-size:var(--divider-icon-size)}.elementor-widget-divider .elementor-divider-separator{display:flex;margin:0;direction:ltr}.elementor-widget-divider--view-line_icon .elementor-divider-separator,.elementor-widget-divider--view-line_text .elementor-divider-separator{align-items:center}.elementor-widget-divider--view-line_icon .elementor-divider-separator:after,.elementor-widget-divider--view-line_icon .elementor-divider-separator:before,.elementor-widget-divider--view-line_text .elementor-divider-separator:after,.elementor-widget-divider--view-line_text .elementor-divider-separator:before{display:block;content:\"\";border-block-end:0;flex-grow:1;border-block-start:var(--divider-border-width) var(--divider-border-style) var(--divider-color)}.elementor-widget-divider--element-align-left .elementor-divider .elementor-divider-separator>.elementor-divider__svg:first-of-type{flex-grow:0;flex-shrink:100}.elementor-widget-divider--element-align-left .elementor-divider-separator:before{content:none}.elementor-widget-divider--element-align-left .elementor-divider__element{margin-left:0}.elementor-widget-divider--element-align-right .elementor-divider .elementor-divider-separator>.elementor-divider__svg:last-of-type{flex-grow:0;flex-shrink:100}.elementor-widget-divider--element-align-right .elementor-divider-separator:after{content:none}.elementor-widget-divider--element-align-right .elementor-divider__element{margin-right:0}.elementor-widget-divider--element-align-start .elementor-divider .elementor-divider-separator>.elementor-divider__svg:first-of-type{flex-grow:0;flex-shrink:100}.elementor-widget-divider--element-align-start .elementor-divider-separator:before{content:none}.elementor-widget-divider--element-align-start .elementor-divider__element{margin-inline-start:0}.elementor-widget-divider--element-align-end .elementor-divider .elementor-divider-separator>.elementor-divider__svg:last-of-type{flex-grow:0;flex-shrink:100}.elementor-widget-divider--element-align-end .elementor-divider-separator:after{content:none}.elementor-widget-divider--element-align-end .elementor-divider__element{margin-inline-end:0}.elementor-widget-divider:not(.elementor-widget-divider--view-line_text):not(.elementor-widget-divider--view-line_icon) .elementor-divider-separator{border-block-start:var(--divider-border-width) var(--divider-border-style) var(--divider-color)}.elementor-widget-divider--separator-type-pattern{--divider-border-style:none}.elementor-widget-divider--separator-type-pattern.elementor-widget-divider--view-line .elementor-divider-separator,.elementor-widget-divider--separator-type-pattern:not(.elementor-widget-divider--view-line) .elementor-divider-separator:after,.elementor-widget-divider--separator-type-pattern:not(.elementor-widget-divider--view-line) .elementor-divider-separator:before,.elementor-widget-divider--separator-type-pattern:not([class*=elementor-widget-divider--view]) .elementor-divider-separator{width:100%;min-height:var(--divider-pattern-height);-webkit-mask-size:var(--divider-pattern-size) 100%;mask-size:var(--divider-pattern-size) 100%;-webkit-mask-repeat:var(--divider-pattern-repeat);mask-repeat:var(--divider-pattern-repeat);background-color:var(--divider-color);-webkit-mask-image:var(--divider-pattern-url);mask-image:var(--divider-pattern-url)}.elementor-widget-divider--no-spacing{--divider-pattern-size:auto}.elementor-widget-divider--bg-round{--divider-pattern-repeat:round}.rtl .elementor-widget-divider .elementor-divider__text{direction:rtl}.e-con-inner>.elementor-widget-divider,.e-con>.elementor-widget-divider{width:var(--container-widget-width,100%);--flex-grow:var(--container-widget-flex-grow)}<\/style>\t\t<div class=\"elementor-divider\">\n\t\t\t<span class=\"elementor-divider-separator\">\n\t\t\t\t\t\t\t<span class=\"elementor-divider__text elementor-divider__element\">\n\t\t\t\tL'Histoire de l'a\u00e9roclub mirandais\t\t\t\t<\/span>\n\t\t\t\t\t\t<\/span>\n\t\t<\/div>\n\t\t\t\t<\/div>\n\t\t\t\t<\/div>\n\t\t\t\t\t<\/div>\n\t\t\t\t<\/div>\n\t\t<div class=\"elementor-element elementor-element-384d15b e-flex e-con-boxed e-con e-parent\" data-id=\"384d15b\" data-element_type=\"container\" data-settings=\"{&quot;background_background&quot;:&quot;classic&quot;}\">\n\t\t\t\t\t<div class=\"e-con-inner\">\n\t\t<div class=\"elementor-element elementor-element-b2c5861 e-con-full e-flex e-con e-child\" data-id=\"b2c5861\" data-element_type=\"container\">\n\t\t\t\t<div class=\"elementor-element elementor-element-ad0f003 elementor-widget elementor-widget-text-editor\" data-id=\"ad0f003\" data-element_type=\"widget\" data-widget_type=\"text-editor.default\">\n\t\t\t\t<div class=\"elementor-widget-container\">\n\t\t\t<style>\/*! elementor - v3.21.0 - 30-04-2024 *\/\n.elementor-widget-text-editor.elementor-drop-cap-view-stacked .elementor-drop-cap{background-color:#69727d;color:#fff}.elementor-widget-text-editor.elementor-drop-cap-view-framed .elementor-drop-cap{color:#69727d;border:3px solid;background-color:transparent}.elementor-widget-text-editor:not(.elementor-drop-cap-view-default) .elementor-drop-cap{margin-top:8px}.elementor-widget-text-editor:not(.elementor-drop-cap-view-default) .elementor-drop-cap-letter{width:1em;height:1em}.elementor-widget-text-editor .elementor-drop-cap{float:left;text-align:center;line-height:1;font-size:50px}.elementor-widget-text-editor .elementor-drop-cap-letter{display:inline-block}<\/style>\t\t\t\t<p>Fond\u00e9 en 1937, l&rsquo;a\u00e9roclub mirandais a connu bien des hauts et des bas depuis.<\/p><p>Retracez son histoire \u00e0 travers quelques archives papier que nous avons gard\u00e9es au fil du temps&#8230;<\/p>\t\t\t\t\t\t<\/div>\n\t\t\t\t<\/div>\n\t\t\t\t<\/div>\n\t\t<div class=\"elementor-element elementor-element-7fdbe1e e-con-full e-flex e-con e-child\" data-id=\"7fdbe1e\" data-element_type=\"container\">\n\t\t\t\t<div class=\"elementor-element elementor-element-3c310e7 elementor-widget elementor-widget-image\" data-id=\"3c310e7\" data-element_type=\"widget\" data-widget_type=\"image.default\">\n\t\t\t\t<div class=\"elementor-widget-container\">\n\t\t\t<style>\/*! elementor - v3.21.0 - 30-04-2024 *\/\n.elementor-widget-image{text-align:center}.elementor-widget-image a{display:inline-block}.elementor-widget-image a img[src$=\".svg\"]{width:48px}.elementor-widget-image img{vertical-align:middle;display:inline-block}<\/style>\t\t\t\t\t\t\t\t\t\t<img fetchpriority=\"high\" decoding=\"async\" width=\"800\" height=\"327\" src=\"https:\/\/aeroclubmirandais.fr\/wp-content\/uploads\/2024\/04\/journal-officiel.jpg\" class=\"attachment-large size-large wp-image-78\" alt=\"\" srcset=\"https:\/\/aeroclubmirandais.fr\/wp-content\/uploads\/2024\/04\/journal-officiel.jpg 943w, https:\/\/aeroclubmirandais.fr\/wp-content\/uploads\/2024\/04\/journal-officiel-300x122.jpg 300w, https:\/\/aeroclubmirandais.fr\/wp-content\/uploads\/2024\/04\/journal-officiel-768x314.jpg 768w\" sizes=\"(max-width: 800px) 100vw, 800px\" \/>\t\t\t\t\t\t\t\t\t\t\t\t\t<\/div>\n\t\t\t\t<\/div>\n\t\t\t\t<\/div>\n\t\t\t\t\t<\/div>\n\t\t\t\t<\/div>\n\t\t<div class=\"elementor-element elementor-element-87d4e46 e-flex e-con-boxed e-con e-parent\" data-id=\"87d4e46\" data-element_type=\"container\" data-settings=\"{&quot;background_background&quot;:&quot;classic&quot;}\">\n\t\t\t\t\t<div class=\"e-con-inner\">\n\t\t\t\t<div class=\"elementor-element elementor-element-e3f01be elementor-widget elementor-widget-text-editor\" data-id=\"e3f01be\" data-element_type=\"widget\" data-widget_type=\"text-editor.default\">\n\t\t\t\t<div class=\"elementor-widget-container\">\n\t\t\t\t\t\t\t<p><strong>Article La D\u00e9p\u00eache du 24\/07\/2006 :<\/strong><\/p><p>Il y a soixante-dix ans qu&rsquo;a \u00e9t\u00e9 con\u00e7u l&rsquo;A\u00e9ro-Club mirandais. Il est n\u00e9 officiellement le 17 juin 1937, pr\u00e9sid\u00e9 par le docteur Brugaill\u00e8re Mais d\u00e9j\u00e0, en 1936, Marceau Escub\u00e8s donnait des cours de pilotage sur son avion personnel, un Luciole, qui d\u00e9collait de Valent\u00e9es. D\u00e8s 1938, plusieurs avions volaient dans le ciel mirandais et des pilotes obtinrent leur brevet. La guerre de 39\/45 mit provisoirement fin aux activit\u00e9s du club qui venait de s&rsquo;installer au Rieutort avec une intense activit\u00e9 (meetings, bapt\u00eames de l&rsquo;air\u2026). Le Luciole de Marceau Escub\u00e8s est r\u00e9quisitionn\u00e9. Les vols \u00e9tant interdits, les membres du club se consolent avec l&rsquo;a\u00e9romod\u00e9lisme, sous la direction de Jojo Sutra et Jacques Comet. En 1945, ils reprennent des activit\u00e9s grandeur nature. D\u00e8s le 18 ao\u00fbt 1945, M. Sarmoize prend la pr\u00e9sidence de l&rsquo;A\u00e9ro-Club, Marceau Escub\u00e8s reprend ses cours et, en janvier 1946, la piste du Rieutort est homologu\u00e9e. C&rsquo;est la p\u00e9riode dor\u00e9e de l&rsquo;A\u00e9ro-Club. En ao\u00fbt 1946, celui-ci ach\u00e8te son premier avion. De nombreux pilotes sont form\u00e9s, des meetings organis\u00e9s, des vols \u00ab m\u00e9dicaux \u00bb cens\u00e9s gu\u00e9rir les coqueluches et des vols de d\u00e9tection des nuages de gr\u00eale font de l&rsquo;A\u00e9ro-Club un club\u2026 d&rsquo;utilit\u00e9 publique ! Il est tr\u00e8s chic d&rsquo;assister aux soir\u00e9es qu&rsquo;il organise. De nombreux membres poss\u00e8dent leur appareil. Jusqu&rsquo;en 1956, date de sa mise en sommeil, le terrain d&rsquo;aviation reprenant sa vocation agricole, plus de soixante pilotes furent form\u00e9s.<\/p><p>Ce n&rsquo;est qu&rsquo;en 1994 que M. Gurgui mit \u00e0 disposition le terrain priv\u00e9 am\u00e9nag\u00e9 avec piste \u00e0 Berdoues. L&rsquo;A\u00e9ro-Club a maintenant une quarantaine de membres dont douze pilotes &#8211; huit d&rsquo;entre ces derniers (Sylvie Sutra, Marie-H\u00e9l\u00e8ne Abadie, Henri Cazes, Fabien Gouzenne, Alain Spiess, Jean-Claude Abadie et les gendarmes mobiles (et volants) Perrin et Moser ont \u00e9t\u00e9 form\u00e9s r\u00e9cemment (avions et ULM confondus) &#8211; et des \u00e9l\u00e8ves pilotes. Il poss\u00e8de deux appareils, un Rallye MS 880 et un Wasmer 52.<\/p>\t\t\t\t\t\t<\/div>\n\t\t\t\t<\/div>\n\t\t\t\t\t<\/div>\n\t\t\t\t<\/div>\n\t\t<div class=\"elementor-element elementor-element-53e14fe e-flex e-con-boxed e-con e-parent\" data-id=\"53e14fe\" data-element_type=\"container\" data-settings=\"{&quot;background_background&quot;:&quot;classic&quot;}\">\n\t\t\t\t\t<div class=\"e-con-inner\">\n\t\t\t\t<div class=\"elementor-element elementor-element-76a5307 elementor-widget elementor-widget-image\" data-id=\"76a5307\" data-element_type=\"widget\" data-widget_type=\"image.default\">\n\t\t\t\t<div class=\"elementor-widget-container\">\n\t\t\t\t\t\t\t\t\t\t\t\t\t<img decoding=\"async\" width=\"907\" height=\"1440\" src=\"https:\/\/aeroclubmirandais.fr\/wp-content\/uploads\/2024\/05\/article-3.jpg\" class=\"attachment-2048x2048 size-2048x2048 wp-image-251\" alt=\"\" srcset=\"https:\/\/aeroclubmirandais.fr\/wp-content\/uploads\/2024\/05\/article-3.jpg 907w, https:\/\/aeroclubmirandais.fr\/wp-content\/uploads\/2024\/05\/article-3-189x300.jpg 189w, https:\/\/aeroclubmirandais.fr\/wp-content\/uploads\/2024\/05\/article-3-645x1024.jpg 645w, https:\/\/aeroclubmirandais.fr\/wp-content\/uploads\/2024\/05\/article-3-768x1219.jpg 768w\" sizes=\"(max-width: 907px) 100vw, 907px\" \/>\t\t\t\t\t\t\t\t\t\t\t\t\t<\/div>\n\t\t\t\t<\/div>\n\t\t\t\t\t<\/div>\n\t\t\t\t<\/div>\n\t\t<div class=\"elementor-element elementor-element-8994d95 e-flex e-con-boxed e-con e-parent\" data-id=\"8994d95\" data-element_type=\"container\" data-settings=\"{&quot;background_background&quot;:&quot;classic&quot;}\">\n\t\t\t\t\t<div class=\"e-con-inner\">\n\t\t\t\t<div class=\"elementor-element elementor-element-a3ed1a1 elementor-widget elementor-widget-image\" data-id=\"a3ed1a1\" data-element_type=\"widget\" data-widget_type=\"image.default\">\n\t\t\t\t<div class=\"elementor-widget-container\">\n\t\t\t\t\t\t\t\t\t\t\t\t\t<img decoding=\"async\" width=\"800\" height=\"508\" src=\"https:\/\/aeroclubmirandais.fr\/wp-content\/uploads\/2024\/05\/article-2-1024x650.jpg\" class=\"attachment-large size-large wp-image-250\" alt=\"\" srcset=\"https:\/\/aeroclubmirandais.fr\/wp-content\/uploads\/2024\/05\/article-2-1024x650.jpg 1024w, https:\/\/aeroclubmirandais.fr\/wp-content\/uploads\/2024\/05\/article-2-300x190.jpg 300w, https:\/\/aeroclubmirandais.fr\/wp-content\/uploads\/2024\/05\/article-2-768x487.jpg 768w, https:\/\/aeroclubmirandais.fr\/wp-content\/uploads\/2024\/05\/article-2.jpg 1184w\" sizes=\"(max-width: 800px) 100vw, 800px\" \/>\t\t\t\t\t\t\t\t\t\t\t\t\t<\/div>\n\t\t\t\t<\/div>\n\t\t\t\t\t<\/div>\n\t\t\t\t<\/div>\n\t\t<div class=\"elementor-element elementor-element-691b9ab e-flex e-con-boxed e-con e-parent\" data-id=\"691b9ab\" data-element_type=\"container\" data-settings=\"{&quot;background_background&quot;:&quot;classic&quot;}\">\n\t\t\t\t\t<div class=\"e-con-inner\">\n\t\t\t\t<div class=\"elementor-element elementor-element-000bd27 elementor-widget elementor-widget-image\" data-id=\"000bd27\" data-element_type=\"widget\" data-widget_type=\"image.default\">\n\t\t\t\t<div class=\"elementor-widget-container\">\n\t\t\t\t\t\t\t\t\t\t\t\t\t<img loading=\"lazy\" decoding=\"async\" width=\"676\" height=\"1024\" src=\"https:\/\/aeroclubmirandais.fr\/wp-content\/uploads\/2024\/05\/article-4-676x1024.jpg\" class=\"attachment-large size-large wp-image-252\" alt=\"\" srcset=\"https:\/\/aeroclubmirandais.fr\/wp-content\/uploads\/2024\/05\/article-4-676x1024.jpg 676w, https:\/\/aeroclubmirandais.fr\/wp-content\/uploads\/2024\/05\/article-4-198x300.jpg 198w, https:\/\/aeroclubmirandais.fr\/wp-content\/uploads\/2024\/05\/article-4-768x1164.jpg 768w, https:\/\/aeroclubmirandais.fr\/wp-content\/uploads\/2024\/05\/article-4.jpg 798w\" sizes=\"(max-width: 676px) 100vw, 676px\" \/>\t\t\t\t\t\t\t\t\t\t\t\t\t<\/div>\n\t\t\t\t<\/div>\n\t\t\t\t\t<\/div>\n\t\t\t\t<\/div>\n\t\t<div class=\"elementor-element elementor-element-ae68eaf e-flex e-con-boxed e-con e-parent\" data-id=\"ae68eaf\" data-element_type=\"container\" data-settings=\"{&quot;background_background&quot;:&quot;classic&quot;}\">\n\t\t\t\t\t<div class=\"e-con-inner\">\n\t\t<div class=\"elementor-element elementor-element-d3eb2b9 e-con-full e-flex e-con e-child\" data-id=\"d3eb2b9\" data-element_type=\"container\">\n\t\t\t\t<div class=\"elementor-element elementor-element-3527abd elementor-widget elementor-widget-image\" data-id=\"3527abd\" data-element_type=\"widget\" data-widget_type=\"image.default\">\n\t\t\t\t<div class=\"elementor-widget-container\">\n\t\t\t\t\t\t\t\t\t\t\t\t\t<img loading=\"lazy\" decoding=\"async\" width=\"468\" height=\"1024\" src=\"https:\/\/aeroclubmirandais.fr\/wp-content\/uploads\/2024\/05\/article-5-468x1024.jpg\" class=\"attachment-large size-large wp-image-253\" alt=\"\" srcset=\"https:\/\/aeroclubmirandais.fr\/wp-content\/uploads\/2024\/05\/article-5-468x1024.jpg 468w, https:\/\/aeroclubmirandais.fr\/wp-content\/uploads\/2024\/05\/article-5-137x300.jpg 137w, https:\/\/aeroclubmirandais.fr\/wp-content\/uploads\/2024\/05\/article-5.jpg 659w\" sizes=\"(max-width: 468px) 100vw, 468px\" \/>\t\t\t\t\t\t\t\t\t\t\t\t\t<\/div>\n\t\t\t\t<\/div>\n\t\t\t\t<div class=\"elementor-element elementor-element-730b701 elementor-widget elementor-widget-image\" data-id=\"730b701\" data-element_type=\"widget\" data-widget_type=\"image.default\">\n\t\t\t\t<div class=\"elementor-widget-container\">\n\t\t\t\t\t\t\t\t\t\t\t\t\t<img loading=\"lazy\" decoding=\"async\" width=\"711\" height=\"1024\" src=\"https:\/\/aeroclubmirandais.fr\/wp-content\/uploads\/2024\/05\/article-10-711x1024.jpg\" class=\"attachment-large size-large wp-image-258\" alt=\"\" srcset=\"https:\/\/aeroclubmirandais.fr\/wp-content\/uploads\/2024\/05\/article-10-711x1024.jpg 711w, https:\/\/aeroclubmirandais.fr\/wp-content\/uploads\/2024\/05\/article-10-208x300.jpg 208w, https:\/\/aeroclubmirandais.fr\/wp-content\/uploads\/2024\/05\/article-10-768x1106.jpg 768w, https:\/\/aeroclubmirandais.fr\/wp-content\/uploads\/2024\/05\/article-10.jpg 859w\" sizes=\"(max-width: 711px) 100vw, 711px\" \/>\t\t\t\t\t\t\t\t\t\t\t\t\t<\/div>\n\t\t\t\t<\/div>\n\t\t\t\t<div class=\"elementor-element elementor-element-f35c185 elementor-widget elementor-widget-image\" data-id=\"f35c185\" data-element_type=\"widget\" data-widget_type=\"image.default\">\n\t\t\t\t<div class=\"elementor-widget-container\">\n\t\t\t\t\t\t\t\t\t\t\t\t\t<img loading=\"lazy\" decoding=\"async\" width=\"457\" height=\"1024\" src=\"https:\/\/aeroclubmirandais.fr\/wp-content\/uploads\/2024\/05\/article-7-457x1024.jpg\" class=\"attachment-large size-large wp-image-255\" alt=\"\" srcset=\"https:\/\/aeroclubmirandais.fr\/wp-content\/uploads\/2024\/05\/article-7-457x1024.jpg 457w, https:\/\/aeroclubmirandais.fr\/wp-content\/uploads\/2024\/05\/article-7-134x300.jpg 134w, https:\/\/aeroclubmirandais.fr\/wp-content\/uploads\/2024\/05\/article-7-768x1722.jpg 768w, https:\/\/aeroclubmirandais.fr\/wp-content\/uploads\/2024\/05\/article-7-685x1536.jpg 685w, https:\/\/aeroclubmirandais.fr\/wp-content\/uploads\/2024\/05\/article-7.jpg 784w\" sizes=\"(max-width: 457px) 100vw, 457px\" \/>\t\t\t\t\t\t\t\t\t\t\t\t\t<\/div>\n\t\t\t\t<\/div>\n\t\t\t\t<\/div>\n\t\t<div class=\"elementor-element elementor-element-69965a2 e-con-full e-flex e-con e-child\" data-id=\"69965a2\" data-element_type=\"container\">\n\t\t\t\t<div class=\"elementor-element elementor-element-898254a elementor-widget elementor-widget-image\" data-id=\"898254a\" data-element_type=\"widget\" data-widget_type=\"image.default\">\n\t\t\t\t<div class=\"elementor-widget-container\">\n\t\t\t\t\t\t\t\t\t\t\t\t\t<img loading=\"lazy\" decoding=\"async\" width=\"729\" height=\"1024\" src=\"https:\/\/aeroclubmirandais.fr\/wp-content\/uploads\/2024\/05\/article-8-729x1024.jpg\" class=\"attachment-large size-large wp-image-256\" alt=\"\" srcset=\"https:\/\/aeroclubmirandais.fr\/wp-content\/uploads\/2024\/05\/article-8-729x1024.jpg 729w, https:\/\/aeroclubmirandais.fr\/wp-content\/uploads\/2024\/05\/article-8-213x300.jpg 213w, https:\/\/aeroclubmirandais.fr\/wp-content\/uploads\/2024\/05\/article-8-768x1079.jpg 768w, https:\/\/aeroclubmirandais.fr\/wp-content\/uploads\/2024\/05\/article-8.jpg 772w\" sizes=\"(max-width: 729px) 100vw, 729px\" \/>\t\t\t\t\t\t\t\t\t\t\t\t\t<\/div>\n\t\t\t\t<\/div>\n\t\t\t\t<div class=\"elementor-element elementor-element-850de6a elementor-widget elementor-widget-image\" data-id=\"850de6a\" data-element_type=\"widget\" data-widget_type=\"image.default\">\n\t\t\t\t<div class=\"elementor-widget-container\">\n\t\t\t\t\t\t\t\t\t\t\t\t\t<img loading=\"lazy\" decoding=\"async\" width=\"646\" height=\"1024\" src=\"https:\/\/aeroclubmirandais.fr\/wp-content\/uploads\/2024\/05\/article-6-646x1024.jpg\" class=\"attachment-large size-large wp-image-254\" alt=\"\" srcset=\"https:\/\/aeroclubmirandais.fr\/wp-content\/uploads\/2024\/05\/article-6-646x1024.jpg 646w, https:\/\/aeroclubmirandais.fr\/wp-content\/uploads\/2024\/05\/article-6-189x300.jpg 189w, https:\/\/aeroclubmirandais.fr\/wp-content\/uploads\/2024\/05\/article-6-768x1217.jpg 768w, https:\/\/aeroclubmirandais.fr\/wp-content\/uploads\/2024\/05\/article-6.jpg 779w\" sizes=\"(max-width: 646px) 100vw, 646px\" \/>\t\t\t\t\t\t\t\t\t\t\t\t\t<\/div>\n\t\t\t\t<\/div>\n\t\t\t\t<div class=\"elementor-element elementor-element-2eaffe5 elementor-widget elementor-widget-image\" data-id=\"2eaffe5\" data-element_type=\"widget\" data-widget_type=\"image.default\">\n\t\t\t\t<div class=\"elementor-widget-container\">\n\t\t\t\t\t\t\t\t\t\t\t\t\t<img loading=\"lazy\" decoding=\"async\" width=\"511\" height=\"1024\" src=\"https:\/\/aeroclubmirandais.fr\/wp-content\/uploads\/2024\/05\/article-11-511x1024.jpg\" class=\"attachment-large size-large wp-image-259\" alt=\"\" srcset=\"https:\/\/aeroclubmirandais.fr\/wp-content\/uploads\/2024\/05\/article-11-511x1024.jpg 511w, https:\/\/aeroclubmirandais.fr\/wp-content\/uploads\/2024\/05\/article-11-150x300.jpg 150w, https:\/\/aeroclubmirandais.fr\/wp-content\/uploads\/2024\/05\/article-11-768x1538.jpg 768w, https:\/\/aeroclubmirandais.fr\/wp-content\/uploads\/2024\/05\/article-11-767x1536.jpg 767w, https:\/\/aeroclubmirandais.fr\/wp-content\/uploads\/2024\/05\/article-11.jpg 770w\" sizes=\"(max-width: 511px) 100vw, 511px\" \/>\t\t\t\t\t\t\t\t\t\t\t\t\t<\/div>\n\t\t\t\t<\/div>\n\t\t\t\t<div class=\"elementor-element elementor-element-a94fe56 elementor-widget elementor-widget-image\" data-id=\"a94fe56\" data-element_type=\"widget\" data-widget_type=\"image.default\">\n\t\t\t\t<div class=\"elementor-widget-container\">\n\t\t\t\t\t\t\t\t\t\t\t\t\t<img loading=\"lazy\" decoding=\"async\" width=\"724\" height=\"1024\" src=\"https:\/\/aeroclubmirandais.fr\/wp-content\/uploads\/2024\/05\/article-9-724x1024.jpg\" class=\"attachment-large size-large wp-image-257\" alt=\"\" srcset=\"https:\/\/aeroclubmirandais.fr\/wp-content\/uploads\/2024\/05\/article-9-724x1024.jpg 724w, https:\/\/aeroclubmirandais.fr\/wp-content\/uploads\/2024\/05\/article-9-212x300.jpg 212w, https:\/\/aeroclubmirandais.fr\/wp-content\/uploads\/2024\/05\/article-9-768x1086.jpg 768w, https:\/\/aeroclubmirandais.fr\/wp-content\/uploads\/2024\/05\/article-9.jpg 813w\" sizes=\"(max-width: 724px) 100vw, 724px\" \/>\t\t\t\t\t\t\t\t\t\t\t\t\t<\/div>\n\t\t\t\t<\/div>\n\t\t\t\t<\/div>\n\t\t\t\t\t<\/div>\n\t\t\t\t<\/div>\n\t\t<div class=\"elementor-element elementor-element-da50c89 e-flex e-con-boxed e-con e-parent\" data-id=\"da50c89\" data-element_type=\"container\" data-settings=\"{&quot;background_background&quot;:&quot;classic&quot;}\">\n\t\t\t\t\t<div class=\"e-con-inner\">\n\t\t\t\t<div class=\"elementor-element elementor-element-3a9d900 elementor-widget elementor-widget-text-editor\" data-id=\"3a9d900\" data-element_type=\"widget\" data-widget_type=\"text-editor.default\">\n\t\t\t\t<div class=\"elementor-widget-container\">\n\t\t\t\t\t\t\t<p>Et maintenant, c&rsquo;est \u00e0 vous de continuer d&rsquo;\u00e9crire l&rsquo;Histoire !&#8230;<\/p>\t\t\t\t\t\t<\/div>\n\t\t\t\t<\/div>\n\t\t\t\t\t<\/div>\n\t\t\t\t<\/div>\n\t\t\t\t<\/div>\n\t\t","protected":false},"excerpt":{"rendered":"<p>L&rsquo;Histoire de l&rsquo;a\u00e9roclub mirandais Fond\u00e9 en 1937, l&rsquo;a\u00e9roclub mirandais a connu bien des hauts et des bas depuis. Retracez son histoire \u00e0 travers quelques archives papier que nous avons gard\u00e9es au fil du temps&#8230; Article La D\u00e9p\u00eache du 24\/07\/2006 : Il y a soixante-dix ans qu&rsquo;a \u00e9t\u00e9 con\u00e7u l&rsquo;A\u00e9ro-Club mirandais. Il est n\u00e9 officiellement le [&hellip;]<\/p>\n","protected":false},"author":1,"featured_media":0,"parent":10,"menu_order":0,"comment_status":"closed","ping_status":"closed","template":"","meta":{"footnotes":""},"class_list":["post-88","page","type-page","status-publish","hentry"],"_links":{"self":[{"href":"https:\/\/aeroclubmirandais.fr\/index.php\/wp-json\/wp\/v2\/pages\/88","targetHints":{"allow":["GET"]}}],"collection":[{"href":"https:\/\/aeroclubmirandais.fr\/index.php\/wp-json\/wp\/v2\/pages"}],"about":[{"href":"https:\/\/aeroclubmirandais.fr\/index.php\/wp-json\/wp\/v2\/types\/page"}],"author":[{"embeddable":true,"href":"https:\/\/aeroclubmirandais.fr\/index.php\/wp-json\/wp\/v2\/users\/1"}],"replies":[{"embeddable":true,"href":"https:\/\/aeroclubmirandais.fr\/index.php\/wp-json\/wp\/v2\/comments?post=88"}],"version-history":[{"count":13,"href":"https:\/\/aeroclubmirandais.fr\/index.php\/wp-json\/wp\/v2\/pages\/88\/revisions"}],"predecessor-version":[{"id":272,"href":"https:\/\/aeroclubmirandais.fr\/index.php\/wp-json\/wp\/v2\/pages\/88\/revisions\/272"}],"up":[{"embeddable":true,"href":"https:\/\/aeroclubmirandais.fr\/index.php\/wp-json\/wp\/v2\/pages\/10"}],"wp:attachment":[{"href":"https:\/\/aeroclubmirandais.fr\/index.php\/wp-json\/wp\/v2\/media?parent=88"}],"curies":[{"name":"wp","href":"https:\/\/api.w.org\/{rel}","templated":true}]}}